{"id":13,"date":"2026-03-13T13:09:41","date_gmt":"2026-03-13T13:09:41","guid":{"rendered":"https:\/\/beta.rlmbastia.com\/?page_id=13"},"modified":"2026-03-13T13:09:41","modified_gmt":"2026-03-13T13:09:41","slug":"mentions-legales","status":"publish","type":"page","link":"https:\/\/beta.rlmbastia.com\/index.php\/mentions-legales\/","title":{"rendered":"Mentions L\u00e9gales"},"content":{"rendered":"\n<p>Ce site est \u00e9dit\u00e9 par Radio Lyc\u00e9e Montesoro &#8211; RLM.\u00a0<br>\u00a0<br>\u00a0<br>\u00a0<br>LE CONCEPTEUR\u00a0<br><br>Roger Linale<br>Radio Lyc\u00e9e Montesoro<br>CITE TECHNIQUE MONTESORO RUE 4DIV MAROCAINE DE MONTAGNE <br>20200 BASTIA<br>SIRET : 45186 7170 00016<br>\u00a0<br>L\u2019H\u00c9BERGEUR\u00a0<br>\u00a0<br>Le site www.rlmbastia.com est h\u00e9berg\u00e9 chez OVH.\u00a0<br>2 rue Kellermann\u00a0<br>59 100 Roubaix\u00a0<br>France\u00a0<br>\u00a0<br>\u00a0<br>\u00a0<br>EXON\u00c9RATION DE LA RESPONSABILIT\u00c9 DU CONTENU DU SITE\u00a0<br>\u00a0<br>Radio Lyc\u00e9e Montesoro, en tant que cr\u00e9ateur du site Internet, ne peut garantir l\u2019exactitude, la pr\u00e9cision ou l\u2019exhaustivit\u00e9 des informations mises \u00e0 la disposition sur ce site, qui sont sous la responsabilit\u00e9 du client final, propri\u00e9taire du nom de domaine et \u00e0 l\u2019origine des informations pr\u00e9sent\u00e9es sur ce site. En cons\u00e9quence, Radio Lyc\u00e9e Montesoro d\u00e9cline toute responsabilit\u00e9 pour toute impr\u00e9cision, inexactitude ou omission portant sur des informations disponibles sur ce site. Les caract\u00e9ristiques techniques, descriptions, photographies et r\u00e9f\u00e9rences des produits contenues sur ce site sont sujettes \u00e0 modification sans pr\u00e9avis.\u00a0<br>Nous remercions les utilisateurs du site de nous faire part d\u2019\u00e9ventuelles omissions, erreurs ou corrections, en adressant un courriel \u00e0 rlm.bastia@gmail.com en indiquant le nom de domaine concern\u00e9 et les erreurs constat\u00e9es.\u00a0<br>\u00a0<br>\u00a0<br>\u00a0<br>EVOLUTION DU SITE\u00a0<br>\u00a0<br>Les \u00e9l\u00e9ments pr\u00e9sent\u00e9s dans ce site sont susceptibles de modification sans pr\u00e9avis et sont mis \u00e0 disposition sans aucune garantie, expresse ou implicite, d\u2019aucune sorte et ne peuvent donner lieu \u00e0 un quelconque droit \u00e0 d\u00e9dommagement.\u00a0<br>\u00a0<br>\u00a0<br>\u00a0<br>EXONERATION DE LA RESPONSABILIT\u00c9 DU CONTENU DES SITES R\u00c9F\u00c9RENC\u00c9S\u00a0<br>\u00a0<br>Les liens hypertextes mis en place dans le cadre du pr\u00e9sent site Internet en direction d\u2019autres ressources pr\u00e9sentes sur le r\u00e9seau Internet ne sont propos\u00e9s que pour des raisons de commodit\u00e9 et ni leur contenu ou les liens qu\u2019ils contiennent, ni les changements ou mises \u00e0 jour qui leur sont apport\u00e9s ne sauraient engager la responsabilit\u00e9 de Radio Lyc\u00e9e Montesoro.\u00a0<br>\u00a0<br>EXON\u00c9RATION DE LA RESPONSABILIT\u00c9 TECHNIQUE\u00a0<br>\u00a0<br>Radio Lyc\u00e9e Montesoro d\u00e9cline toute responsabilit\u00e9 en cas de difficult\u00e9 d\u2019acc\u00e8s \u00e0 son site ou d\u2019interruptions dans la connexion quelles qu\u2019en soient les causes. De plus, elle ne saurait \u00eatre tenu responsable d\u2019un dommage ou virus qui pourrait infecter votre ordinateur ou tout mat\u00e9riel informatique, suite \u00e0 une utilisation ou acc\u00e8s au site ou t\u00e9l\u00e9chargement provenant de ce site.\u00a0<br>\u00a0<br>\u00a0<br>\u00a0<br>COLLECTE DE DONN\u00c9ES PERSONNELLES ET COOKIES\u00a0<br>\u00a0<br>Nous vous rappelons que vous disposez d\u2019un droit d\u2019acc\u00e8s, de modification, de rectification et de suppression des donn\u00e9es qui vous concernent (art. 34 de la loi \u201cInformatique et libert\u00e9s\u201d du 6 janvier 1978). Pour exercer ce droit, vous devez envoyer un mail \u00e0 rlm.bastia@gmail.com<br>Nous ne collectons l\u2019adresse e-mail des visiteurs uniquement si ces derniers nous la communiquent d\u00e9lib\u00e9r\u00e9ment.\u00a0<br>Les donn\u00e9es de trafic et les \u00e9ventuels fichiers de cookies que nous installons sur votre ordinateur ont uniquement pour objectif de nous permettre d\u2019analyser la fr\u00e9quentation des pages web de ce site afin d\u2019en am\u00e9liorer le contenu. Les donn\u00e9es relatives \u00e0 la navigation des visiteurs ne sont pas exploit\u00e9es nominativement. Il s\u2019agit de statistiques globales permettant de conna\u00eetre les pages plus ou moins populaires, les niveaux d\u2019activit\u00e9 par jour et par heure, les principales erreurs client ou serveur.\u00a0<br>Nous vous rappelons que vous disposez, dans votre logiciel de navigation, de la possibilit\u00e9 de bloquer l\u2019implantation de cookies sur votre ordinateur.\u00a0<br>\u00a0<br>\u00a0<br>\u00a0<br>PROPRI\u00c9T\u00c9 INTELLECTUELLE ET DROIT DE REPRODUCTION\u00a0<br>\u00a0<br>L\u2019ensemble de ce site rel\u00e8ve de la l\u00e9gislation fran\u00e7aise et internationale sur le droit d\u2019auteur et la propri\u00e9t\u00e9 intellectuelle. Tous les droits de reproduction sont r\u00e9serv\u00e9s, y compris pour les documents t\u00e9l\u00e9chargeables et les repr\u00e9sentations iconographiques et photographiques.\u00a0<br>Toute repr\u00e9sentation et\/ou reproduction et\/ou exploitation partielle ou totale de ce site, par quelques proc\u00e9d\u00e9s que se soient, sans l\u2019autorisation expresse et pr\u00e9alable de Radio Lyc\u00e9e Montesoro est interdite et constituerait une contrefa\u00e7on au sens des articles L 335-2 et suivants du code de la propri\u00e9t\u00e9 intellectuelle.\u00a0<br>Le contenu de ce site (textes, images, photos, musiques, \u2026) a \u00e9t\u00e9 fourni par le client qui s\u2019est d\u00e9clar\u00e9 propri\u00e9taire de ces sources ou ayant les droits pour assurer leur diffusion sur ce site. Le client, en tant qu\u2019\u00e9diteur du site, est responsable de son contenu soit parce qu\u2019il a fourni ce contenu lors de la cr\u00e9ation du site dans le cas d\u2019un site statique, soit parce qu\u2019il alimente r\u00e9guli\u00e8rement la base de donn\u00e9es sur laquelle repose ce site dans le cas d\u2019un site dynamique. En aucun cas Radio Lyc\u00e9e Montesoro ne pourra \u00eatre qualifi\u00e9 d\u2019\u00e9diteur de ce site.\u00a0<br>Les liens hypertextes mis en oeuvre au sein du site en direction d\u2019autres sites et\/ou de pages personnelles et d\u2019une mani\u00e8re g\u00e9n\u00e9rale vers toutes ressources existantes sur internet ne sauraient engager la responsabilit\u00e9 de Radio Lyc\u00e9e Montesoro. La capture d\u2019informations nominatives pour enrichir des bases de donn\u00e9es, par exemple \u00e0 des fins commerciales ou publicitaires, est interdite.\u00a0<br>\u00a0<br>\u00a0<br>\u00a0<br>LIENS VERS CE SITE INTERNET\u00a0<br>\u00a0<br>Vous avez la facult\u00e9, sans autorisation pr\u00e9alable, de faire, depuis un autre site, un lien vers le site que vous visitez actuellement. Toutefois, Radio Lyc\u00e9e Montesoro n\u2019autorise pas l\u2019utilisation de \u201ccadres\u201d (ou \u201cframes\u201d) qui laissent supposer aux internautes qu\u2019ils consultent un autre site que celui-ci.\u00a0<\/p>\n","protected":false},"excerpt":{"rendered":"<p>Ce site est \u00e9dit\u00e9 par Radio Lyc\u00e9e Montesoro &#8211; RLM.\u00a0\u00a0\u00a0\u00a0LE CONCEPTEUR\u00a0 Roger LinaleRadio Lyc\u00e9e MontesoroCITE TECHNIQUE MONTESORO RUE 4DIV MAROCAINE DE MONTAGNE 20200 BASTIASIRET : 45186 7170 00016\u00a0L\u2019H\u00c9BERGEUR\u00a0\u00a0Le site www.rlmbastia.com est h\u00e9berg\u00e9 chez OVH.\u00a02 rue Kellermann\u00a059 100 Roubaix\u00a0France\u00a0\u00a0\u00a0\u00a0EXON\u00c9RATION DE LA RESPONSABILIT\u00c9 DU CONTENU DU SITE\u00a0\u00a0Radio Lyc\u00e9e Montesoro, en tant que cr\u00e9ateur du site Internet, ne [&hellip;]<\/p>\n","protected":false},"author":2,"featured_media":0,"parent":0,"menu_order":0,"comment_status":"closed","ping_status":"closed","template":"","meta":{"episode_type":"","audio_file":"","podmotor_file_id":"","podmotor_episode_id":"","cover_image":"","cover_image_id":"","duration":"","filesize":"","filesize_raw":"","date_recorded":"","explicit":"","block":"","footnotes":""},"class_list":["post-13","page","type-page","status-publish","hentry"],"_links":{"self":[{"href":"https:\/\/beta.rlmbastia.com\/index.php\/wp-json\/wp\/v2\/pages\/13","targetHints":{"allow":["GET"]}}],"collection":[{"href":"https:\/\/beta.rlmbastia.com\/index.php\/wp-json\/wp\/v2\/pages"}],"about":[{"href":"https:\/\/beta.rlmbastia.com\/index.php\/wp-json\/wp\/v2\/types\/page"}],"author":[{"embeddable":true,"href":"https:\/\/beta.rlmbastia.com\/index.php\/wp-json\/wp\/v2\/users\/2"}],"replies":[{"embeddable":true,"href":"https:\/\/beta.rlmbastia.com\/index.php\/wp-json\/wp\/v2\/comments?post=13"}],"version-history":[{"count":1,"href":"https:\/\/beta.rlmbastia.com\/index.php\/wp-json\/wp\/v2\/pages\/13\/revisions"}],"predecessor-version":[{"id":14,"href":"https:\/\/beta.rlmbastia.com\/index.php\/wp-json\/wp\/v2\/pages\/13\/revisions\/14"}],"wp:attachment":[{"href":"https:\/\/beta.rlmbastia.com\/index.php\/wp-json\/wp\/v2\/media?parent=13"}],"curies":[{"name":"wp","href":"https:\/\/api.w.org\/{rel}","templated":true}]}}